{"id":21,"date":"2015-12-30T15:27:47","date_gmt":"2015-12-30T14:27:47","guid":{"rendered":"http:\/\/localhost\/wp\/?page_id=21"},"modified":"2025-12-04T10:34:51","modified_gmt":"2025-12-04T09:34:51","slug":"gymnastik","status":"publish","type":"page","link":"https:\/\/www.vfb-effringen.de\/?page_id=21","title":{"rendered":"Gymnastik + Kitu"},"content":{"rendered":"<h3>Unsere aktuellen Kurse:<\/h3>\n<p><strong>Montags:<\/strong><\/p>\n<p><strong>FIT + GESUND f\u00fcr Frauen und M\u00e4nner ab 50<\/strong><br \/>\n20.00 &#8211; 21.00 Uhr in der Sch\u00f6nbronner Halle<\/p>\n<p>Kontakt: Karin Ro\u00dfner, Tel. 07054 7314<\/p>\n<hr \/>\n<p><strong>Dienstags:<\/strong><\/p>\n<p><strong>Eltern &#8211; Kind &#8211; Turnen ab 3 Jahre bis Ende Kindergarten<br \/>\n<\/strong>16:00 &#8211; 17:30 Uhr in der Wildberger Sporthalle<\/p>\n<p>Kontakt: Anna Pucci, kitu.dienstag@web.de \/\/ Luisa N\u00f6lke<\/p>\n<p><em>Der Kurs ist zur Zeit belegt !<\/em><\/p>\n<hr \/>\n<p><strong>Mittwochs:<\/strong><\/p>\n<p><strong>FIT + FLOTT Fitnesstraining f\u00fcr Frauen<\/strong><br \/>\n20.15 &#8211; 21.15 Uhr in der Sch\u00f6nbronner Halle<\/p>\n<p>Kontakt: Elke Roller, Tel.\u00a0 07054 8507<\/p>\n<hr \/>\n<p><strong>Donnerstags:<\/strong><\/p>\n<p><strong>Eltern &#8211; Kind &#8211; Turnen f\u00fcr 1 &#8211; 3 j\u00e4hrige Kinder <\/strong><br \/>\n09:00 &#8211; 10:00 Uhr in der Sch\u00f6nbronner Halle<\/p>\n<p>Kontakt: Kim Kreudler, Tel. 0151 50678986 \/\/ Jana M\u00f6nch \/\/ Svenja Benz<\/p>\n<p><em>Der Kurs ist zur Zeit belegt !<\/em><\/p>\n<hr \/>\n<p><strong>Freitags:<\/strong><strong><br \/>\n<\/strong><\/p>\n<p><strong>Eltern &#8211; Kind &#8211; Turnen 3 Jahre bis Ende Kindergarten<\/strong><br \/>\n14.45 &#8211; 15.30 Uhr in der Wildberger Sporthalle<\/p>\n<p>Kontakt: Laura M\u00fcller, Tel. 0162 1551052 \/\/ Anika Steger<\/p>\n<p><em>Der Kurs ist zur Zeit belegt !<\/em><\/p>\n<p><strong>Eltern &#8211; Kind &#8211; Turnen 3 Jahre bis Ende Kindergarten<\/strong><br \/>\n15.45 &#8211; 16.45 Uhr in der Wildberger Sporthalle<\/p>\n<p>Kontakt: Madeleine Kempf, Tel. 0162 2193553 \/\/ Sabrina Benz<span style=\"color: #ff0000;\"><em>\u00a0 \u00a0 \u00a0 \u00a0 \u00a0<\/em><\/span><\/p>\n<p><em>Der Kurs ist zur Zeit belegt ! \u00a0<\/em><\/p>\n<hr \/>\n<blockquote><p><strong>F\u00fcr die belegten Kurse gibt es Wartelisten.<\/strong><br \/>\n<strong>Bei Fragen kontaktieren Sie bitte die jeweiligen \u00dcbungsleiter*innen.<\/strong><\/p><\/blockquote>\n","protected":false},"excerpt":{"rendered":"<div class=\"mh-excerpt\"><p>Unsere aktuellen Kurse: Montags: FIT + GESUND f\u00fcr Frauen und M\u00e4nner ab 50 20.00 &#8211; 21.00 Uhr in der Sch\u00f6nbronner Halle Kontakt: Karin Ro\u00dfner, Tel. 07054 7314 Dienstags: Eltern &#8211; Kind &#8211; Turnen ab 3 <a class=\"mh-excerpt-more\" href=\"https:\/\/www.vfb-effringen.de\/?page_id=21\" title=\"Gymnastik + Kitu\">[&#8230;]<\/a><\/p>\n<\/div>","protected":false},"author":3,"featured_media":0,"parent":0,"menu_order":0,"comment_status":"closed","ping_status":"closed","template":"","meta":{"footnotes":""},"class_list":["post-21","page","type-page","status-publish","hentry"],"_links":{"self":[{"href":"https:\/\/www.vfb-effringen.de\/index.php?rest_route=\/wp\/v2\/pages\/21","targetHints":{"allow":["GET"]}}],"collection":[{"href":"https:\/\/www.vfb-effringen.de\/index.php?rest_route=\/wp\/v2\/pages"}],"about":[{"href":"https:\/\/www.vfb-effringen.de\/index.php?rest_route=\/wp\/v2\/types\/page"}],"author":[{"embeddable":true,"href":"https:\/\/www.vfb-effringen.de\/index.php?rest_route=\/wp\/v2\/users\/3"}],"replies":[{"embeddable":true,"href":"https:\/\/www.vfb-effringen.de\/index.php?rest_route=%2Fwp%2Fv2%2Fcomments&post=21"}],"version-history":[{"count":31,"href":"https:\/\/www.vfb-effringen.de\/index.php?rest_route=\/wp\/v2\/pages\/21\/revisions"}],"predecessor-version":[{"id":2305,"href":"https:\/\/www.vfb-effringen.de\/index.php?rest_route=\/wp\/v2\/pages\/21\/revisions\/2305"}],"wp:attachment":[{"href":"https:\/\/www.vfb-effringen.de\/index.php?rest_route=%2Fwp%2Fv2%2Fmedia&parent=21"}],"curies":[{"name":"wp","href":"https:\/\/api.w.org\/{rel}","templated":true}]}}