{"id":71,"date":"2015-12-30T20:09:11","date_gmt":"2015-12-30T19:09:11","guid":{"rendered":"http:\/\/localhost\/wp\/?page_id=71"},"modified":"2017-04-04T22:53:33","modified_gmt":"2017-04-04T20:53:33","slug":"datenschutzerklaerung","status":"publish","type":"page","link":"https:\/\/www.vfb-effringen.de\/?page_id=71","title":{"rendered":"Datenschutzerkl\u00e4rung"},"content":{"rendered":"<div class=\"entry-content\">\n<h3>Datenschutzerkl\u00e4rung<\/h3>\n<p><strong>\u00a01. Gegenstand dieser Datenschutzerkl\u00e4rung<\/strong><\/p>\n<p>(1) Der Schutz Ihrer personenbezogenen Daten (k\u00fcnftig: ,,Daten\u201c) ist uns ein gro\u00dfes und sehr wichtiges Anliegen. Nachfolgend informieren wir Sie \u00fcber die Speicherung von Daten, die Art der Daten, deren Zweckbestimmung sowie unsere Identit\u00e4t. Wir benachrichtigen auch \u00fcber die erstmalige \u00dcbermittlung und die Art der \u00fcbermittelten Daten, sowie die Schutzma\u00dfnahmen.<\/p>\n<p>(2) Personenbezogen sind alle Daten, die Angaben \u00fcber pers\u00f6nliche oder sachliche Verh\u00e4ltnisse eines bestimmten oder bestimmbaren Kunden enthalten. Dazu z\u00e4hlen beispielsweise der Name, die E-Mail-Adresse, die Wohnadresse, Geburtsdatum oder Telefonnummer.<\/p>\n<p align=\"center\"><strong>2. Verantwortliche Stelle\/Diensteanbieter<\/strong><\/p>\n<p>(1) Verantwortliche Stelle im Sinne des Bundesdatenschutzgesetzes (BDSG) und zugleich Diensteanbieter im Sinne des Telemediengesetzes (TMG) ist Klaus Nikolaus, vgl. dazu unser Impressum.<\/p>\n<p>(2) Fragen oder Anmerkungen zu dieser Datenschutzerkl\u00e4rung und allgemein zum Datenschutz richten Sie bitten an folgende E-Mail-Adresse: info(at)vfb-effringen.de oder unsere Postadresse, entsprechend Absatz 1.<\/p>\n<p align=\"center\"><strong>3. Erhebung und Verwendung Ihrer Daten<\/strong><\/p>\n<p>(1) Umfang und Art der Erhebung\/Verwendung Ihrer Daten unterscheidet sich danach, ob Sie unseren Internetauftritt nur zum Abruf von Informationen besuchen oder von uns angebotene Leistungen in Anspruch nehmen:<\/p>\n<p>a) Informatorische Nutzung:<\/p>\n<p>(2) F\u00fcr die nur informatorische Nutzung unseres Internetauftritts ist es grunds\u00e4tzlich nicht erforderlich, dass Sie personenbezogene Daten angeben.<\/p>\n<p>Vielmehr erheben und verwenden wir in diesem Fall nur diejenigen Ihrer Daten, die uns Ihr Internetbrowser automatisch \u00fcbermittelt:<\/p>\n<ul>\n<li>Datum und Uhrzeit des Abrufs einer unserer Internetseiten<\/li>\n<li>Ihren Browsertyp<\/li>\n<li>die Browser-Einstellungen<\/li>\n<li>das verwendete Betriebssystem<\/li>\n<li>die von Ihnen zuletzt besuchte Seite<\/li>\n<li>die \u00fcbertragene Datenmenge und der Zugriffsstatus (Datei \u00fcbertragen, Datei nicht gefunden etc.) sowie<\/li>\n<li>Ihre IP-Adresse.<\/li>\n<\/ul>\n<p>(3) Diese Daten werden getrennt von Ihren weiteren Daten, die Sie eventuell bei uns angeben, gespeichert. Es erfolgt keine Verkn\u00fcpfung der Daten mit Ihren weiteren Daten. Sie werden zu statistischen Zwecken ausgewertet, um unsere Webseiten und Angebote optimieren zu k\u00f6nnen. Die Daten werden nach ihrer Auswertung gel\u00f6scht.<\/p>\n<p>b) Beantwortung Ihrer Fragen per E-Mail:<\/p>\n<p>(7) Wenn Sie \u00fcber das Kontaktformular oder per E-Mail Kontakt mit uns aufnehmen, speichern wir Ihre E-Mail-Adresse zur Beantwortung dieser Fragen.<\/p>\n<p>c) Blogbeitr\u00e4ge:<\/p>\n<p>(8) Wenn Sie die Blogfunktion nutzen und einen \u00f6ffentlichen Kommentar abgeben, speichern wir Ihre E-Mail-Adresse und IP. Dies erfolgt aufgrund der Verantwortlichkeit f\u00fcr widerrechtliche Inhalte. Eine pseudonyme Nutzung ist m\u00f6glich.<\/p>\n<p align=\"center\"><strong>6. Einsatz von Cookies<\/strong><\/p>\n<p>(1) F\u00fcr unseren Internetauftritt nutzen wir die Technik der Cookies. Cookies sind Textdateien, die im Rahmen Ihres Besuchs unserer Internetseiten von unserem Webserver an Ihren Browser gesandt und von diesem auf Ihrem Rechner f\u00fcr einen sp\u00e4teren Abruf vorgehalten werden.<\/p>\n<p>(2) Wir setzen nur sog. Session-Cookies bzw. tempor\u00e4re Cookies ein, also solche, die ausschlie\u00dflich f\u00fcr die Dauer Ihrer Nutzung einer unserer Internetseiten zwischengespeichert werden. Zweck dieser Cookies ist, Ihren Rechner w\u00e4hrend eines Besuchs unseres Internetauftritts beim Wechsel von einer unserer Webseiten zu einer anderen unserer Webseiten weiterhin zu identifizieren und das Ende Ihres Besuchs feststellen zu k\u00f6nnen.<\/p>\n<p>(3) Die Cookies werden gel\u00f6scht, sobald Sie Ihre Browsersitzung beenden.<\/p>\n<p>(4) Ob Cookies gesetzt und abgerufen werden k\u00f6nnen, k\u00f6nnen Sie durch die Einstellungen in Ihrem Browser selbst bestimmen. Sie k\u00f6nnen in Ihrem Browser etwa das Speichern von Cookies g\u00e4nzlich deaktivieren, es auf bestimmte Webseiten beschr\u00e4nken oder Ihren Browser so konfigurieren, dass er Sie automatisch benachrichtigt, sobald ein Cookie gesetztwerden soll und Sie um R\u00fcckmeldung dazu bittet. F\u00fcr den vollen Funktionsumfang unseres Internetauftritts ist es allerdings aus technischen Gr\u00fcnden erforderlich, die genannten Session Cookies zuzulassen.<\/p>\n<p>(5) Eine Erhebung oder Speicherung personenbezogener Daten in Cookies findet in diesem Zusammenhang durch uns nicht statt. Wir setzen auch keine Techniken ein, die durch Cookies anfallende Informationen mit Nutzerdaten verbinden.<\/p>\n<p align=\"center\"><strong>7. Einsatz von Google Analytics<\/strong><\/p>\n<p>(1) Diese Webseite benutzt Google Analytics, einen Webanalysedienst der Google Inc. (,,Google\u201c). Google Analytics verwendet ebenfalls Cookies, also Textdateien, die auf Ihrem Computer gespeichert werden und die eine Analyse der Benutzung der Webseite durch Sie erm\u00f6glichen. Die durch den Cookie erzeugten Informationen \u00fcber Ihre Benutzung dieser Webseite werden in der Regel an einen Server von Google in den USA \u00fcbertragen und dort gespeichert. Im Fall der Aktivierung der IP-Anonymisierung auf dieser Webseite wird Ihre IP-Adresse von Google jedoch innerhalb von Mitgliedstaaten der Europ\u00e4ischen Union oder in anderen Vertragsstaaten des Abkommens \u00fcber den Europ\u00e4ischen Wirtschaftsraum zuvor gek\u00fcrzt. Nur in Ausnahmef\u00e4llen wird die volle IP-Adresse an einen Server von Google in den USA \u00fcbertragen und dort gek\u00fcrzt. In unserem Auftrag wird Google diese Informationen benutzen, um Ihre Nutzung der Webseite auszuwerten, um Reports \u00fcber die Webseitenaktivit\u00e4ten zusammenzustellen und um weitere mit der Webseitennutzung und der Internetnutzung verbundene Dienstleistungen gegen\u00fcber uns als Webseitenbetreiber zu erbringen.<\/p>\n<p>(2) Die im Rahmen von Google Analytics von Ihrem Browser \u00fcbermittelte IP-Adresse wird nicht mit anderen Daten von Google zusammengef\u00fchrt.<\/p>\n<p>(3) Sie k\u00f6nnen die Speicherung der Cookies durch eine entsprechende Einstellung Ihrer Browsersoftware verhindern; wir weisen Sie jedoch darauf hin, dass Sie in diesem Fall ggf. nicht s\u00e4mtliche Funktionen dieser Webseite vollumf\u00e4nglich werden nutzen k\u00f6nnen.<\/p>\n<p>(4) Wir weisen darauf hin, dass diese Website Google Analytics mit der Erweiterung \u201e_anonymizeIp()\u201c verwendet und daher IP-Adressen nur gek\u00fcrzt weiterverarbeitet werden, um eine direkte Personenbeziehbarkeit auszuschlie\u00dfen.<\/p>\n<p>(5) Sie k\u00f6nnen dar\u00fcber hinaus die Erfassung der durch das Cookie erzeugten und auf Ihre Nutzung der Webseite bezogenen Daten (inkl. Ihrer IP-Adresse) an Google sowie die Verarbeitung dieser Daten durch Google verhindern, indem sie das unter dem folgenden Link verf\u00fcgbare Browser-Plugin herunterladen und installieren: <a title=\"Opt-out bei Google\" href=\"http:\/\/tools.google.com\/dlpage\/gaoptout?hl=de\/\" target=\"_blank\"><i>http:\/\/tools.google.com\/dlpage\/gaoptout?hl=de\/<\/i><\/a>.<\/p>\n<p align=\"center\"><strong>8. Social Media-Plugins<\/strong><\/p>\n<p>(1) Wir setzen derzeit folgende Social Media-Plugins ein: Facebook, Google+, Twitter, Xing, T3N, LinkedIn. Wir setzen dabei die sog. 2-Click-L\u00f6sung ein. Das hei\u00dft, wenn Sie unsere Seite besuchen, werden grunds\u00e4tzlich keine personenbezogenen Daten weitergegeben. Nur wenn Sie auf einen der Plugins klicken, werden Daten an den jeweiligen Anbieter des Plugins \u00fcbermittelt. Den Anbieter des Plugins erkennen Sie \u00fcber die Markierung auf dem ausgegrauten Kasten anhand des Anfangsbuchstabens.<\/p>\n<p>(2) Durch die Aktivierung des Plug-Ins erh\u00e4lt der jeweilige Anbieter die Information, dass Ihr Browser die entsprechende Seite unseres Webauftritts aufgerufen hat, auch wenn Sie kein Konto dieses Anbieters besitzen oder bei diesem gerade nicht eingeloggt sind. Diese Information (einschlie\u00dflich der unter \u00a7 3. Abs. 2 dieser Erkl\u00e4rung genannten Daten) wird von ihrem Browser direkt an einen Server des Anbieters in die USA \u00fcbermittelt und dort gespeichert.<\/p>\n<p>(3) Sind Sie bei diesem Anbieter eingeloggt, kann der Anbieter den Besuch unserer Webseite Ihrem Konto bei diesem Anbieter direkt zuordnen. Wenn Sie mit den Plug-Ins interagieren (z.B. einen Kommentar abgeben), wird die entsprechende Information ebenfalls direkt an einen Server der Anbieters \u00fcbermittelt und dort gespeichert. Die Informationen werden zudem der Seite des Anbieters ver\u00f6ffentlicht und Ihren Kontakten angezeigt. Wenn Sie nicht m\u00f6chten, dass der Anbieter die bei unserem Webauftritt gesammelten Daten ihrem Nutzer-Konto zuordnet, m\u00fcssen Sie sich vor der ersten Bet\u00e4tigung des Plug-Ins bei dem Anbieter ausloggen.<\/p>\n<p>(4) Der Anbieter kann diese Informationen zum Zwecke der Werbung, Marktforschung und bedarfsgerechten Nutzung seiner Webseiten nutzen. Hierzu erstellt der Anbieter Nutzungs-, Interessen- und Beziehungsprofile, z.B. um Ihre Nutzung unserer Webseite im Hinblick auf die Ihnen \u00fcber den Anbieter eingeblebendeten Werbeanzeigen auszuwerten, andere Nutzer \u00fcber Ihre Aktivit\u00e4ten auf unserer Webseite zu informieren und um weitere mit den Leistungen dieses Anbieters verbundene Dienstleistungen zu erbringen.<\/p>\n<p>(5) Zweck und Umfang der Datenerhebung und die weitere Verarbeitung und Nutzung der Daten durch den Anbieter sowie ihrer diesbez\u00fcglichen Rechte und Einstellungsm\u00f6glichkeiten zum Schutze Ihrer Privatsph\u00e4re entnehmen Sie bitte den Datenschutzhinweisen des jeweiligen Anbieters.<\/p>\n<p>(6) Adresse der jeweiligen Anbieter und URL mit deren Datenschutzhinweisen:<\/p>\n<p>(a) Facebook Inc., 1601 S California Ave, Palo Alto, California 94304, USA; <a title=\"Facebook - Extern\" href=\"http:\/\/www.facebook.com\/policy.php\/\" target=\"_blank\">http:\/\/www.facebook.com\/policy.php\/<\/a>;<\/p>\n<p>(b) Google Inc., 1600 Amphitheater Parkway, Mountainview, California 94043, USA; <a title=\"Google - Extern\" href=\"http:\/\/www.google.com\/int\/de\/+\/policy\/+1button.html\/\" target=\"_blank\">http:\/\/www.google.com\/int\/de\/+\/policy\/+1button.html\/<\/a>;<\/p>\n<p>(c) Twitter, Inc., 1355 Market St, Suite 900, San Francisco, California 94103, USA; <a title=\"Twitter - Extern\" href=\"https:\/\/twitter.com\/privacy\/\" target=\"_blank\">https:\/\/twitter.com\/privacy\/<\/a>;<\/p>\n<p>(d) Xing AG, G\u00e4nsemarkt 43, 20354 Hamburg, DE; <a title=\"Xing - Extern\" href=\"http:\/\/www.xing.com\/privacy\/\" target=\"_blank\">http:\/\/www.xing.com\/privacy\/<\/a>;<\/p>\n<p>(e) T3N, yeebase media GmbH, Kriegerstr. 40, 30161 Hannover, DE;\u00a0<a title=\"Datenschutz bei T3N - Extern\" href=\"https:\/\/t3n.de\/app\/index.php?id=394\" target=\"_blank\">https:\/\/t3n.de\/app\/index.php?id=394\/<\/a>;<\/p>\n<p>(f)\u00a0LinkedIn Corporation, 2029 Stierlin Court, Mountain View, California 94043, USA;\u00a0<a title=\"Datenschutz bei LinkedIn - Extern\" href=\"http:\/\/www.linkedin.com\/legal\/privacy-policy\" target=\"_blank\">http:\/\/www.linkedin.com\/legal\/privacy-policy\/<\/a>.<\/p>\n<p align=\"center\"><strong>9. Datensicherheit<\/strong><\/p>\n<p>Wir setzen technische und organisatorische Sicherheitsma\u00dfnahmen ein, um anfallende oder erhobene personenbezogene Daten zu sch\u00fctzen, insb. gegen Manipulation, Verlust oder unberechtigten Zugriff. Unsere Sicherheitsma\u00dfnahmen werden entsprechend der technologischen Entwicklung fortlaufend angepasst.<\/p>\n<p align=\"center\"><strong>10. Dauer der Datenspeicherung<\/strong><\/p>\n<p>Ihre personenbezogenen Daten werden nur so lange aufbewahrt, wie dies f\u00fcr die Erbringung unserer Dienstleistungen erforderlich ist. Mitunter kann eine dar\u00fcber hinaus dauernde Datenspeicherung aufgrund gesetzlicher oder rechtlicher Pflichten erforderlich sein.<\/p>\n<p align=\"center\"><strong>10. Widerrufs-, Widerspruchs- und Auskunftsrecht<\/strong><\/p>\n<p>(1) Wir weisen Sie darauf hin, dass Sie eine uns erteilte datenschutzrechtliche Einwilligung jederzeit mit Wirkung f\u00fcr die Zukunft widerrufen k\u00f6nnen.<\/p>\n<p>(2) Einer etwaigen \u2013 im Rahmen dieser Datenschutzerkl\u00e4rung \u2013 erfolgenden Erstellung von Nutzungsprofilen durch uns zu Werbe- und Marktforschungszwecken sowie zur bedarfsgerechten Ausgestaltung unserer Webseiten k\u00f6nnen Sie ebenfalls jederzeit widersprechen.<\/p>\n<p>(3) Sie haben auch die M\u00f6glichkeit, Auskunft zu verlangen \u00fcber die zu Ihnen gespeicherten Daten, auch soweit sie sich auf die Herkunft dieser Daten beziehen, Empf\u00e4nger oder Kategorien von Empf\u00e4ngern, an die Daten weitergegeben werden, sowie den Zweck der Speicherung.<\/p>\n<p>(4) Dazu wenden Sie sich per E-Mail an: info(at)vfb-effringen.de oder die im Impressum angegebene Adresse.<\/p>\n<\/div>\n","protected":false},"excerpt":{"rendered":"<div class=\"mh-excerpt\"><p>Datenschutzerkl\u00e4rung \u00a01. Gegenstand dieser Datenschutzerkl\u00e4rung (1) Der Schutz Ihrer personenbezogenen Daten (k\u00fcnftig: ,,Daten\u201c) ist uns ein gro\u00dfes und sehr wichtiges Anliegen. Nachfolgend informieren wir Sie \u00fcber die Speicherung von Daten, die Art der Daten, deren <a class=\"mh-excerpt-more\" href=\"https:\/\/www.vfb-effringen.de\/?page_id=71\" title=\"Datenschutzerkl\u00e4rung\">[&#8230;]<\/a><\/p>\n<\/div>","protected":false},"author":3,"featured_media":0,"parent":0,"menu_order":0,"comment_status":"closed","ping_status":"closed","template":"","meta":{"footnotes":""},"class_list":["post-71","page","type-page","status-publish","hentry"],"_links":{"self":[{"href":"https:\/\/www.vfb-effringen.de\/index.php?rest_route=\/wp\/v2\/pages\/71","targetHints":{"allow":["GET"]}}],"collection":[{"href":"https:\/\/www.vfb-effringen.de\/index.php?rest_route=\/wp\/v2\/pages"}],"about":[{"href":"https:\/\/www.vfb-effringen.de\/index.php?rest_route=\/wp\/v2\/types\/page"}],"author":[{"embeddable":true,"href":"https:\/\/www.vfb-effringen.de\/index.php?rest_route=\/wp\/v2\/users\/3"}],"replies":[{"embeddable":true,"href":"https:\/\/www.vfb-effringen.de\/index.php?rest_route=%2Fwp%2Fv2%2Fcomments&post=71"}],"version-history":[{"count":2,"href":"https:\/\/www.vfb-effringen.de\/index.php?rest_route=\/wp\/v2\/pages\/71\/revisions"}],"predecessor-version":[{"id":614,"href":"https:\/\/www.vfb-effringen.de\/index.php?rest_route=\/wp\/v2\/pages\/71\/revisions\/614"}],"wp:attachment":[{"href":"https:\/\/www.vfb-effringen.de\/index.php?rest_route=%2Fwp%2Fv2%2Fmedia&parent=71"}],"curies":[{"name":"wp","href":"https:\/\/api.w.org\/{rel}","templated":true}]}}