{"id":775,"date":"2017-09-07T09:15:06","date_gmt":"2017-09-07T07:15:06","guid":{"rendered":"http:\/\/www.vfb-effringen.de\/?page_id=775"},"modified":"2024-08-24T08:12:49","modified_gmt":"2024-08-24T06:12:49","slug":"mitgliedschaft","status":"publish","type":"page","link":"https:\/\/www.vfb-effringen.de\/?page_id=775","title":{"rendered":"Mitgliedschaft"},"content":{"rendered":"<p>Sie m\u00f6chten Mitglied werden? Gerne stehen wir Ihnen bei Fragen pers\u00f6nlich zur Verf\u00fcgung. Sprechen Sie uns an, oder senden Sie uns eine <a href=\"mailto:info@vfb-effringen.de\">Mail<\/a>.<\/p>\n<p>Wir freuen uns auf Sie!<\/p>\n<p>Hier gibt es die <a href=\"https:\/\/www.vfb-effringen.de\/wp-content\/uploads\/2024\/08\/VfB-Effringen_Beitrittserklaerung.pdf\">Beitrittserkl\u00e4rung<\/a> zum Download.<\/p>\n<p>Zus\u00e4tzlich kann hier die <a href=\"https:\/\/www.vfb-effringen.de\/wp-content\/uploads\/2019\/10\/Datenschutzordnung_VfB_Effringen.pdf\">Datenschutzordnung<\/a> eingesehen werden.<\/p>\n","protected":false},"excerpt":{"rendered":"<div class=\"mh-excerpt\"><p>Sie m\u00f6chten Mitglied werden? Gerne stehen wir Ihnen bei Fragen pers\u00f6nlich zur Verf\u00fcgung. Sprechen Sie uns an, oder senden Sie uns eine Mail. Wir freuen uns auf Sie! Hier gibt es die Beitrittserkl\u00e4rung zum Download. <a class=\"mh-excerpt-more\" href=\"https:\/\/www.vfb-effringen.de\/?page_id=775\" title=\"Mitgliedschaft\">[&#8230;]<\/a><\/p>\n<\/div>","protected":false},"author":2,"featured_media":0,"parent":0,"menu_order":0,"comment_status":"closed","ping_status":"closed","template":"","meta":{"footnotes":""},"class_list":["post-775","page","type-page","status-publish","hentry"],"_links":{"self":[{"href":"https:\/\/www.vfb-effringen.de\/index.php?rest_route=\/wp\/v2\/pages\/775","targetHints":{"allow":["GET"]}}],"collection":[{"href":"https:\/\/www.vfb-effringen.de\/index.php?rest_route=\/wp\/v2\/pages"}],"about":[{"href":"https:\/\/www.vfb-effringen.de\/index.php?rest_route=\/wp\/v2\/types\/page"}],"author":[{"embeddable":true,"href":"https:\/\/www.vfb-effringen.de\/index.php?rest_route=\/wp\/v2\/users\/2"}],"replies":[{"embeddable":true,"href":"https:\/\/www.vfb-effringen.de\/index.php?rest_route=%2Fwp%2Fv2%2Fcomments&post=775"}],"version-history":[{"count":11,"href":"https:\/\/www.vfb-effringen.de\/index.php?rest_route=\/wp\/v2\/pages\/775\/revisions"}],"predecessor-version":[{"id":2135,"href":"https:\/\/www.vfb-effringen.de\/index.php?rest_route=\/wp\/v2\/pages\/775\/revisions\/2135"}],"wp:attachment":[{"href":"https:\/\/www.vfb-effringen.de\/index.php?rest_route=%2Fwp%2Fv2%2Fmedia&parent=775"}],"curies":[{"name":"wp","href":"https:\/\/api.w.org\/{rel}","templated":true}]}}